{"id":883,"date":"2019-02-09T13:48:54","date_gmt":"2019-02-09T12:48:54","guid":{"rendered":"https:\/\/www.lequinquet.be\/soupe\/?page_id=883"},"modified":"2023-10-30T15:07:23","modified_gmt":"2023-10-30T14:07:23","slug":"frontpage","status":"publish","type":"page","link":"https:\/\/www.lequinquet.be\/soupe\/","title":{"rendered":"Accueil"},"content":{"rendered":"\n<p class=\"has-text-align-center has-vivid-red-color has-text-color has-medium-font-size\"><em>Soupe au Lait, un restaurant son\u00e9gien o\u00f9 formateurs et stagiaires du <a href=\"http:\/\/www.lequinquet.be\" target=\"_blank\" rel=\"noreferrer noopener\">Centre d&rsquo;Insertion SocioProfessionnelle du Quinquet<\/a> vous proposent des plats \u00ab\u00a0comme \u00e0 la maison\u00a0\u00bb !<\/em><\/p>\n\n\n\n<p class=\"has-text-align-center\">Ouvert du lundi au vendredi, de 12h \u00e0 14h<br>15, rue de Neufvilles  &#8211;  7060 Soignies<\/p>\n\n\n\n<h2 class=\"wp-block-heading has-text-align-center\">R\u00e9servation uniquement par t\u00e9l\u00e9phone<br>au 067 \/ 34 80 06<\/h2>\n\n\n\n<hr class=\"wp-block-separator has-css-opacity\"\/>\n","protected":false},"excerpt":{"rendered":"<p>Soupe au Lait, un restaurant son\u00e9gien o\u00f9 formateurs et stagiaires du Centre d&rsquo;Insertion SocioProfessionnelle du Quinquet vous proposent des plats \u00ab\u00a0comme \u00e0 la maison\u00a0\u00bb ! Ouvert du lundi au vendredi, de 12h \u00e0 14h15, rue de Neufvilles &#8211; 7060 Soignies R\u00e9servation uniquement par t\u00e9l\u00e9phoneau 067 \/ 34 80 06<\/p>\n","protected":false},"author":2,"featured_media":110,"parent":0,"menu_order":0,"comment_status":"closed","ping_status":"closed","template":"","meta":{"footnotes":""},"class_list":["post-883","page","type-page","status-publish","has-post-thumbnail","hentry"],"_links":{"self":[{"href":"https:\/\/www.lequinquet.be\/soupe\/wp-json\/wp\/v2\/pages\/883","targetHints":{"allow":["GET"]}}],"collection":[{"href":"https:\/\/www.lequinquet.be\/soupe\/wp-json\/wp\/v2\/pages"}],"about":[{"href":"https:\/\/www.lequinquet.be\/soupe\/wp-json\/wp\/v2\/types\/page"}],"author":[{"embeddable":true,"href":"https:\/\/www.lequinquet.be\/soupe\/wp-json\/wp\/v2\/users\/2"}],"replies":[{"embeddable":true,"href":"https:\/\/www.lequinquet.be\/soupe\/wp-json\/wp\/v2\/comments?post=883"}],"version-history":[{"count":28,"href":"https:\/\/www.lequinquet.be\/soupe\/wp-json\/wp\/v2\/pages\/883\/revisions"}],"predecessor-version":[{"id":2226,"href":"https:\/\/www.lequinquet.be\/soupe\/wp-json\/wp\/v2\/pages\/883\/revisions\/2226"}],"wp:featuredmedia":[{"embeddable":true,"href":"https:\/\/www.lequinquet.be\/soupe\/wp-json\/wp\/v2\/media\/110"}],"wp:attachment":[{"href":"https:\/\/www.lequinquet.be\/soupe\/wp-json\/wp\/v2\/media?parent=883"}],"curies":[{"name":"wp","href":"https:\/\/api.w.org\/{rel}","templated":true}]}}